{"id":2708,"date":"2022-01-11T11:44:56","date_gmt":"2022-01-11T11:44:56","guid":{"rendered":"https:\/\/helvig.qodeinteractive.com\/?page_id=2708"},"modified":"2024-12-05T06:26:51","modified_gmt":"2024-12-05T06:26:51","slug":"about-me","status":"publish","type":"page","link":"https:\/\/madaidzib.com\/index.php\/about-me\/","title":{"rendered":"About me"},"content":{"rendered":"\t\t<div data-elementor-type=\"wp-page\" data-elementor-id=\"2708\" class=\"elementor elementor-2708\" data-elementor-post-type=\"page\">\n\t\t\t\t\t\t<section class=\"elementor-section elementor-top-section elementor-element elementor-element-e274a3f elementor-section-full_width elementor-section-height-default elementor-section-height-default qodef-elementor-content-no\" data-id=\"e274a3f\" data-element_type=\"section\">\n\t\t\t\t\t\t<div class=\"elementor-container elementor-column-gap-default\">\n\t\t\t\t\t<div class=\"elementor-column elementor-col-50 elementor-top-column elementor-element elementor-element-a181f12\" data-id=\"a181f12\" data-element_type=\"column\">\n\t\t\t<div class=\"elementor-widget-wrap elementor-element-populated\">\n\t\t\t\t\t\t<div class=\"elementor-element elementor-element-96cbbda elementor-widget__width-initial elementor-widget elementor-widget-helvig_core_single_image\" data-id=\"96cbbda\" data-element_type=\"widget\" data-widget_type=\"helvig_core_single_image.default\">\n\t\t\t\t<div class=\"elementor-widget-container\">\n\t\t\t<div class=\"qodef-shortcode qodef-m  qodef-single-image qodef-layout--default     \">\n\t\t<div class=\"qodef-m-image\">\n\t\t\t\t\t<img fetchpriority=\"high\" decoding=\"async\" width=\"650\" height=\"650\" src=\"https:\/\/madaidzib.com\/wp-content\/uploads\/2024\/11\/Diseno-sin-titulo-650x650.png\" class=\"attachment-helvig_core_image_size_square size-helvig_core_image_size_square\" alt=\"\" srcset=\"https:\/\/madaidzib.com\/wp-content\/uploads\/2024\/11\/Diseno-sin-titulo-650x650.png 650w, https:\/\/madaidzib.com\/wp-content\/uploads\/2024\/11\/Diseno-sin-titulo-150x150.png 150w\" sizes=\"(max-width: 650px) 100vw, 650px\" \/>\t\t\t<\/div>\n\t\t<div class=\"qodef-e qodef-m-additional-media qodef-additional-image qodef-additional-media-765\" style=\"z-index: -1;left: -5%;top: -5%\">\n\t\t<img decoding=\"async\" width=\"589\" height=\"589\" src=\"https:\/\/madaidzib.com\/wp-content\/uploads\/2022\/01\/about-me-img-2.png\" class=\"attachment-full size-full\" alt=\"c\" srcset=\"https:\/\/madaidzib.com\/wp-content\/uploads\/2022\/01\/about-me-img-2.png 589w, https:\/\/madaidzib.com\/wp-content\/uploads\/2022\/01\/about-me-img-2-300x300.png 300w, https:\/\/madaidzib.com\/wp-content\/uploads\/2022\/01\/about-me-img-2-150x150.png 150w\" sizes=\"(max-width: 589px) 100vw, 589px\" \/>\t<\/div>\n\t<\/div>\n\t\t<\/div>\n\t\t\t\t<\/div>\n\t\t\t\t\t<\/div>\n\t\t<\/div>\n\t\t\t\t<div class=\"elementor-column elementor-col-50 elementor-top-column elementor-element elementor-element-a6eb132\" data-id=\"a6eb132\" data-element_type=\"column\">\n\t\t\t<div class=\"elementor-widget-wrap elementor-element-populated\">\n\t\t\t\t\t\t<div class=\"elementor-element elementor-element-0508326 elementor-widget__width-initial elementor-widget elementor-widget-helvig_core_custom_font\" data-id=\"0508326\" data-element_type=\"widget\" data-widget_type=\"helvig_core_custom_font.default\">\n\t\t\t\t<div class=\"elementor-widget-container\">\n\t\t\t<div class=\"qodef-shortcode qodef-m  qodef-custom-font qodef-layout--simple qodef--has-appear\" >\n\t\t<h1 class=\"qodef-m-title qodef-m-title-919\" style=\"-webkit-text-stroke:1px#FFFFFF;-webkit-text-fill-color: transparent;font-size: 116px;letter-spacing: 0.027em\">\n\t\t\t\t\t<span class='qodef-m-title-holder'>\n\t\t\t\tHola soy madai dzib dise\u00f1adora digital, gestora de contenido y dise\u00f1adora web. \t\t\t\t<span class='qodef-m-title-solid'>\n\t\t\t\t\tHola soy madai dzib dise\u00f1adora digital, gestora de contenido y dise\u00f1adora web. \t\t\t\t<\/span>\n\t\t\t<\/span>\n\t\t\t<\/h1>\n<\/div>\n\t\t<\/div>\n\t\t\t\t<\/div>\n\t\t\t\t<div class=\"elementor-element elementor-element-9d7e587 elementor-widget__width-initial elementor-widget elementor-widget-text-editor\" data-id=\"9d7e587\" data-element_type=\"widget\" data-widget_type=\"text-editor.default\">\n\t\t\t\t<div class=\"elementor-widget-container\">\n\t\t\t\t\t\t\t<p><span style=\"background-color: #1b1b1b; font-family: var( --e-global-typography-text-font-family ), Sans-serif;\">\u00a0<\/span><\/p><p><span style=\"background-color: #1b1b1b; font-family: var( --e-global-typography-text-font-family ), Sans-serif;\">Mi misi\u00f3n es ayudar a marcas y personas a fortalecer su identidad visual, conectar con su audiencia y alcanzar sus objetivos a trav\u00e9s de:<\/span><\/p><ul><li><strong>Dise\u00f1o Digital<\/strong>: Desde branding hasta gr\u00e1ficos impactantes para redes sociales.<\/li><li><strong>Gesti\u00f3n de Contenido<\/strong>: Planificaci\u00f3n, creaci\u00f3n y optimizaci\u00f3n de contenido relevante y atractivo.<\/li><li><strong>Dise\u00f1o Web<\/strong>: Desarrollo de sitios web modernos, funcionales y adaptados a las necesidades del cliente.<\/li><\/ul><p>Con una combinaci\u00f3n de creatividad y conocimiento t\u00e9cnico, garantizo resultados que no solo inspiran, sino que generan impacto y valor duradero.<\/p>\t\t\t\t\t\t<\/div>\n\t\t\t\t<\/div>\n\t\t\t\t<div class=\"elementor-element elementor-element-0b484a8 elementor-widget elementor-widget-wp-widget-helvig_core_social_icons_group\" data-id=\"0b484a8\" data-element_type=\"widget\" data-widget_type=\"wp-widget-helvig_core_social_icons_group.default\">\n\t\t\t\t<div class=\"elementor-widget-container\">\n\t\t\t\t\t\t<div class=\"qodef-social-icons-group\">\n\t\t\t\t<span class=\"qodef-shortcode qodef-m  qodef-icon-holder  qodef-layout--normal\"  style=\"margin: 0 25px 0 0\">\t\t\t<a itemprop=\"url\" href=\"https:\/\/www.facebook.com\/madaidzib\/\" target=\"_blank\">\t\t\t<span class=\"qodef-icon-font-awesome fab fa-facebook qodef-icon qodef-e\" style=\"font-size: 18px\" ><\/span>\t\t\t<\/a>\t<\/span><span class=\"qodef-shortcode qodef-m  qodef-icon-holder  qodef-layout--normal\"  style=\"margin: 0 25px 0 0\">\t\t\t<a itemprop=\"url\" href=\"https:\/\/twitter.com\/qodeinteractive\" target=\"_blank\">\t\t\t<span class=\"qodef-icon-font-awesome fab fa-pinterest qodef-icon qodef-e\" style=\"font-size: 18px\" ><\/span>\t\t\t<\/a>\t<\/span><span class=\"qodef-shortcode qodef-m  qodef-icon-holder  qodef-layout--normal\"  style=\"margin: 0 25px 0 0\">\t\t\t<a itemprop=\"url\" href=\"https:\/\/www.instagram.com\/madaidzib\/\" target=\"_blank\">\t\t\t<span class=\"qodef-icon-font-awesome fab fa-instagram qodef-icon qodef-e\" style=\"font-size: 18px\" ><\/span>\t\t\t<\/a>\t<\/span>\t\t\t<\/div>\n\t\t\t\t\t<\/div>\n\t\t\t\t<\/div>\n\t\t<div class=\"elementor-element elementor-element-f0b7d99 e-flex e-con-boxed e-con e-parent\" data-id=\"f0b7d99\" data-element_type=\"container\">\n\t\t\t\t\t<div class=\"e-con-inner\">\n\t\t\t\t\t<\/div>\n\t\t\t\t<\/div>\n\t\t\t\t\t<\/div>\n\t\t<\/div>\n\t\t\t\t\t<\/div>\n\t\t<\/section>\n\t\t<div class=\"elementor-element elementor-element-059d453 e-flex e-con-boxed e-con e-parent\" data-id=\"059d453\" data-element_type=\"container\">\n\t\t\t\t\t<div class=\"e-con-inner\">\n\t\t\t\t\t<\/div>\n\t\t\t\t<\/div>\n\t\t\t\t<\/div>\n\t\t","protected":false},"excerpt":{"rendered":"<p>Hola soy madai dzib dise\u00f1adora digital, gestora de contenido y dise\u00f1adora web. Hola soy madai dzib dise\u00f1adora digital, gestora de contenido y dise\u00f1adora web. \u00a0 Mi misi\u00f3n es ayudar a marcas y personas a fortalecer su identidad visual, conectar con su audiencia y alcanzar sus objetivos a trav\u00e9s de: Dise\u00f1o Digital: Desde branding hasta gr\u00e1ficos [&hellip;]<\/p>\n","protected":false},"author":1,"featured_media":0,"parent":0,"menu_order":0,"comment_status":"closed","ping_status":"closed","template":"page-full-width.php","meta":{"footnotes":""},"class_list":["post-2708","page","type-page","status-publish","hentry"],"_links":{"self":[{"href":"https:\/\/madaidzib.com\/index.php\/wp-json\/wp\/v2\/pages\/2708","targetHints":{"allow":["GET"]}}],"collection":[{"href":"https:\/\/madaidzib.com\/index.php\/wp-json\/wp\/v2\/pages"}],"about":[{"href":"https:\/\/madaidzib.com\/index.php\/wp-json\/wp\/v2\/types\/page"}],"author":[{"embeddable":true,"href":"https:\/\/madaidzib.com\/index.php\/wp-json\/wp\/v2\/users\/1"}],"replies":[{"embeddable":true,"href":"https:\/\/madaidzib.com\/index.php\/wp-json\/wp\/v2\/comments?post=2708"}],"version-history":[{"count":18,"href":"https:\/\/madaidzib.com\/index.php\/wp-json\/wp\/v2\/pages\/2708\/revisions"}],"predecessor-version":[{"id":7438,"href":"https:\/\/madaidzib.com\/index.php\/wp-json\/wp\/v2\/pages\/2708\/revisions\/7438"}],"wp:attachment":[{"href":"https:\/\/madaidzib.com\/index.php\/wp-json\/wp\/v2\/media?parent=2708"}],"curies":[{"name":"wp","href":"https:\/\/api.w.org\/{rel}","templated":true}]}}