{"id":2467,"date":"2022-01-11T09:49:01","date_gmt":"2022-01-11T09:49:01","guid":{"rendered":"https:\/\/helvig.qodeinteractive.com\/?page_id=2467"},"modified":"2025-02-01T00:05:46","modified_gmt":"2025-02-01T00:05:46","slug":"contact-us","status":"publish","type":"page","link":"https:\/\/madaidzib.com\/index.php\/contact-us\/","title":{"rendered":"Contact Us"},"content":{"rendered":"\t\t<div data-elementor-type=\"wp-page\" data-elementor-id=\"2467\" class=\"elementor elementor-2467\" data-elementor-post-type=\"page\">\n\t\t\t\t\t\t<section class=\"elementor-section elementor-top-section elementor-element elementor-element-d14fcd1 elementor-section-full_width elementor-section-height-default elementor-section-height-default qodef-elementor-content-no\" data-id=\"d14fcd1\" data-element_type=\"section\">\n\t\t\t\t\t\t<div class=\"elementor-container elementor-column-gap-default\">\n\t\t\t\t\t<div class=\"elementor-column elementor-col-50 elementor-top-column elementor-element elementor-element-6e0a949\" data-id=\"6e0a949\" data-element_type=\"column\">\n\t\t\t<div class=\"elementor-widget-wrap elementor-element-populated\">\n\t\t\t\t\t\t<div class=\"elementor-element elementor-element-750feaa elementor-widget elementor-widget-helvig_core_google_map\" data-id=\"750feaa\" data-element_type=\"widget\" data-widget_type=\"helvig_core_google_map.default\">\n\t\t\t\t<div class=\"elementor-widget-container\">\n\t\t\t<div class=\"qodef-shortcode qodef-m  qodef-google-map\">\n\t<div class=\"qodef-m-map\" id=\"qodef-map-id--349\" data-addresses='[\"54 8th Ave, New York, NY 10014, SAD\"]' data-pin=https:\/\/madaidzib.com\/wp-content\/uploads\/2022\/04\/map-pin-img.png data-unique-id=349 data-height=595><\/div>\n<\/div>\n\t\t<\/div>\n\t\t\t\t<\/div>\n\t\t\t\t\t<\/div>\n\t\t<\/div>\n\t\t\t\t<div class=\"elementor-column elementor-col-50 elementor-top-column elementor-element elementor-element-f1c2969\" data-id=\"f1c2969\" data-element_type=\"column\">\n\t\t\t<div class=\"elementor-widget-wrap elementor-element-populated\">\n\t\t\t\t\t\t<div class=\"elementor-element elementor-element-97e0d3d elementor-widget__width-initial elementor-widget elementor-widget-heading\" data-id=\"97e0d3d\" data-element_type=\"widget\" data-widget_type=\"heading.default\">\n\t\t\t\t<div class=\"elementor-widget-container\">\n\t\t\t<h2 class=\"elementor-heading-title elementor-size-default\">HABL\u00c1ME SOBRE TU PROYECTO<\/h2>\t\t<\/div>\n\t\t\t\t<\/div>\n\t\t<div class=\"elementor-element elementor-element-87e966c e-flex e-con-boxed e-con e-parent\" data-id=\"87e966c\" data-element_type=\"container\">\n\t\t\t\t\t<div class=\"e-con-inner\">\n\t\t\t\t\t<\/div>\n\t\t\t\t<\/div>\n\t\t\t\t<div class=\"elementor-element elementor-element-a765aad elementor-widget elementor-widget-heading\" data-id=\"a765aad\" data-element_type=\"widget\" data-widget_type=\"heading.default\">\n\t\t\t\t<div class=\"elementor-widget-container\">\n\t\t\t<h4 class=\"elementor-heading-title elementor-size-default\">Para poder cotizar y agendar tu proyecto, rellena este formulario con el mayor detalle posible. Si cuento con disponibilidad y tu proyecto tiene el potencial para crear algo incre\u00edble juntos, me pondr\u00e9 en contacto contigo dentro de las pr\u00f3ximas 72 horas.<\/h4>\t\t<\/div>\n\t\t\t\t<\/div>\n\t\t\t\t<div class=\"elementor-element elementor-element-0f31302 elementor-widget elementor-widget-helvig_core_section_title\" data-id=\"0f31302\" data-element_type=\"widget\" data-widget_type=\"helvig_core_section_title.default\">\n\t\t\t\t<div class=\"elementor-widget-container\">\n\t\t\t<div class=\"qodef-shortcode qodef-m  qodef-section-title qodef-alignment--center qodef-title-break--disabled\">\n\t\t\t<\/div>\n\t\t<\/div>\n\t\t\t\t<\/div>\n\t\t\t\t<div class=\"elementor-element elementor-element-29248fc elementor-widget elementor-widget-text-editor\" data-id=\"29248fc\" data-element_type=\"widget\" data-widget_type=\"text-editor.default\">\n\t\t\t\t<div class=\"elementor-widget-container\">\n\t\t\t\t\t\t\t<p>correo:\u00a0 \u00a0ALIZE@MADAIDZIB.COM\u00a0 \/\u00a0 \u00a0phone\u00a0 :\u00a0 <a href=\"http:\/\/wa.me\/528181766350\">+5281 8176 6350<\/a><\/p>\t\t\t\t\t\t<\/div>\n\t\t\t\t<\/div>\n\t\t\t\t<div class=\"elementor-element elementor-element-3008606 elementor-widget elementor-widget-text-editor\" data-id=\"3008606\" data-element_type=\"widget\" data-widget_type=\"text-editor.default\">\n\t\t\t\t<div class=\"elementor-widget-container\">\n\t\t\t\t\t\t\t<p>Direcci\u00f3n\u00a0 : Monterrey N.L<\/p>\t\t\t\t\t\t<\/div>\n\t\t\t\t<\/div>\n\t\t\t\t<div class=\"elementor-element elementor-element-db6c99d elementor-widget elementor-widget-heading\" data-id=\"db6c99d\" data-element_type=\"widget\" data-widget_type=\"heading.default\">\n\t\t\t\t<div class=\"elementor-widget-container\">\n\t\t\t<p class=\"elementor-heading-title elementor-size-default\"><a href=\"https:\/\/madaidzib.com\/index.php\/creative-agency\/\">Recuerda revisar mis servicios aqui antes de llenar el formulario<\/a><\/p>\t\t<\/div>\n\t\t\t\t<\/div>\n\t\t\t\t\t<\/div>\n\t\t<\/div>\n\t\t\t\t\t<\/div>\n\t\t<\/section>\n\t\t\t\t<\/div>\n\t\t","protected":false},"excerpt":{"rendered":"<p>HABL\u00c1ME SOBRE TU PROYECTO Para poder cotizar y agendar tu proyecto, rellena este formulario con el mayor detalle posible. Si cuento con disponibilidad y tu proyecto tiene el potencial para crear algo incre\u00edble juntos, me pondr\u00e9 en contacto contigo dentro de las pr\u00f3ximas 72 horas. correo:\u00a0 \u00a0ALIZE@MADAIDZIB.COM\u00a0 \/\u00a0 \u00a0phone\u00a0 :\u00a0 +5281 8176 6350 Direcci\u00f3n\u00a0 : [&hellip;]<\/p>\n","protected":false},"author":1,"featured_media":0,"parent":0,"menu_order":0,"comment_status":"closed","ping_status":"closed","template":"page-full-width.php","meta":{"footnotes":""},"class_list":["post-2467","page","type-page","status-publish","hentry"],"_links":{"self":[{"href":"https:\/\/madaidzib.com\/index.php\/wp-json\/wp\/v2\/pages\/2467","targetHints":{"allow":["GET"]}}],"collection":[{"href":"https:\/\/madaidzib.com\/index.php\/wp-json\/wp\/v2\/pages"}],"about":[{"href":"https:\/\/madaidzib.com\/index.php\/wp-json\/wp\/v2\/types\/page"}],"author":[{"embeddable":true,"href":"https:\/\/madaidzib.com\/index.php\/wp-json\/wp\/v2\/users\/1"}],"replies":[{"embeddable":true,"href":"https:\/\/madaidzib.com\/index.php\/wp-json\/wp\/v2\/comments?post=2467"}],"version-history":[{"count":6,"href":"https:\/\/madaidzib.com\/index.php\/wp-json\/wp\/v2\/pages\/2467\/revisions"}],"predecessor-version":[{"id":7661,"href":"https:\/\/madaidzib.com\/index.php\/wp-json\/wp\/v2\/pages\/2467\/revisions\/7661"}],"wp:attachment":[{"href":"https:\/\/madaidzib.com\/index.php\/wp-json\/wp\/v2\/media?parent=2467"}],"curies":[{"name":"wp","href":"https:\/\/api.w.org\/{rel}","templated":true}]}}